{"id":69,"date":"2022-08-07T18:39:31","date_gmt":"2022-08-07T18:39:31","guid":{"rendered":"https:\/\/youfreebrand.com\/?page_id=69"},"modified":"2025-09-29T11:50:57","modified_gmt":"2025-09-29T09:50:57","slug":"69-2","status":"publish","type":"page","link":"https:\/\/youfreebrand.com\/","title":{"rendered":""},"content":{"rendered":"<div class=\"wp-block-image\">\n<figure class=\"aligncenter size-full\"><img loading=\"lazy\" decoding=\"async\" width=\"1352\" height=\"1898\" src=\"http:\/\/youfreebrand.com\/wp-content\/uploads\/2025\/01\/WhatsApp-Image-2025-01-24-a-10.06.39_4c36d580-e1759139236281.jpg\" alt=\"\" class=\"wp-image-1098\" srcset=\"https:\/\/youfreebrand.com\/wp-content\/uploads\/2025\/01\/WhatsApp-Image-2025-01-24-a-10.06.39_4c36d580-e1759139236281.jpg 1352w, https:\/\/youfreebrand.com\/wp-content\/uploads\/2025\/01\/WhatsApp-Image-2025-01-24-a-10.06.39_4c36d580-e1759139236281-214x300.jpg 214w, https:\/\/youfreebrand.com\/wp-content\/uploads\/2025\/01\/WhatsApp-Image-2025-01-24-a-10.06.39_4c36d580-e1759139236281-729x1024.jpg 729w, https:\/\/youfreebrand.com\/wp-content\/uploads\/2025\/01\/WhatsApp-Image-2025-01-24-a-10.06.39_4c36d580-e1759139236281-768x1078.jpg 768w, https:\/\/youfreebrand.com\/wp-content\/uploads\/2025\/01\/WhatsApp-Image-2025-01-24-a-10.06.39_4c36d580-e1759139236281-1094x1536.jpg 1094w, https:\/\/youfreebrand.com\/wp-content\/uploads\/2025\/01\/WhatsApp-Image-2025-01-24-a-10.06.39_4c36d580-e1759139236281-600x842.jpg 600w\" sizes=\"auto, (max-width: 1352px) 100vw, 1352px\" \/><\/figure><\/div>\n\n\n<p><\/p>\n\n\n\n<p class=\"has-text-align-center has-large-font-size\">you cocktail bar<\/p>\n\n\n\n<p class=\"has-text-align-center has-medium-font-size\"><strong>you<\/strong>, installe son premier \u00e9tablissement \u00e0 Lyon 6eme, un bar \u00e0 cocktails moderne et chic, mais accessible! <a href=\"https:\/\/youfreebrand.com\/?page_id=907\">plus &#8230;<\/a><\/p>\n\n\n","protected":false},"excerpt":{"rendered":"<p>you cocktail bar you, installe son premier \u00e9tablissement \u00e0 Lyon 6eme, un bar \u00e0 cocktails moderne et chic, mais accessible! plus &#8230;<\/p>\n","protected":false},"author":1,"featured_media":0,"parent":0,"menu_order":0,"comment_status":"closed","ping_status":"closed","template":"","meta":{"_monsterinsights_skip_tracking":false,"_monsterinsights_sitenote_active":false,"_monsterinsights_sitenote_note":"","_monsterinsights_sitenote_category":0,"neve_meta_sidebar":"","neve_meta_container":"","neve_meta_enable_content_width":"","neve_meta_content_width":0,"neve_meta_title_alignment":"left","neve_meta_author_avatar":"","neve_post_elements_order":"","neve_meta_disable_header":"","neve_meta_disable_footer":"","neve_meta_disable_title":"","footnotes":""},"class_list":["post-69","page","type-page","status-publish","hentry"],"aioseo_notices":[],"_links":{"self":[{"href":"https:\/\/youfreebrand.com\/index.php?rest_route=\/wp\/v2\/pages\/69","targetHints":{"allow":["GET"]}}],"collection":[{"href":"https:\/\/youfreebrand.com\/index.php?rest_route=\/wp\/v2\/pages"}],"about":[{"href":"https:\/\/youfreebrand.com\/index.php?rest_route=\/wp\/v2\/types\/page"}],"author":[{"embeddable":true,"href":"https:\/\/youfreebrand.com\/index.php?rest_route=\/wp\/v2\/users\/1"}],"replies":[{"embeddable":true,"href":"https:\/\/youfreebrand.com\/index.php?rest_route=%2Fwp%2Fv2%2Fcomments&post=69"}],"version-history":[{"count":191,"href":"https:\/\/youfreebrand.com\/index.php?rest_route=\/wp\/v2\/pages\/69\/revisions"}],"predecessor-version":[{"id":1113,"href":"https:\/\/youfreebrand.com\/index.php?rest_route=\/wp\/v2\/pages\/69\/revisions\/1113"}],"wp:attachment":[{"href":"https:\/\/youfreebrand.com\/index.php?rest_route=%2Fwp%2Fv2%2Fmedia&parent=69"}],"curies":[{"name":"wp","href":"https:\/\/api.w.org\/{rel}","templated":true}]}}