{"id":907,"date":"2023-04-21T14:49:39","date_gmt":"2023-04-21T14:49:39","guid":{"rendered":"https:\/\/youfreebrand.com\/?page_id=907"},"modified":"2025-11-26T23:43:30","modified_gmt":"2025-11-26T22:43:30","slug":"you-cocktail-bar","status":"publish","type":"page","link":"https:\/\/youfreebrand.com\/?page_id=907","title":{"rendered":"cocktail bar"},"content":{"rendered":"\n<figure class=\"wp-block-image alignfull size-full\"><img loading=\"lazy\" decoding=\"async\" width=\"1239\" height=\"1600\" src=\"https:\/\/youfreebrand.com\/wp-content\/uploads\/2025\/09\/vibe-1.jpg\" alt=\"\" class=\"wp-image-1119\" srcset=\"https:\/\/youfreebrand.com\/wp-content\/uploads\/2025\/09\/vibe-1.jpg 1239w, https:\/\/youfreebrand.com\/wp-content\/uploads\/2025\/09\/vibe-1-232x300.jpg 232w, https:\/\/youfreebrand.com\/wp-content\/uploads\/2025\/09\/vibe-1-793x1024.jpg 793w, https:\/\/youfreebrand.com\/wp-content\/uploads\/2025\/09\/vibe-1-768x992.jpg 768w, https:\/\/youfreebrand.com\/wp-content\/uploads\/2025\/09\/vibe-1-1189x1536.jpg 1189w, https:\/\/youfreebrand.com\/wp-content\/uploads\/2025\/09\/vibe-1-600x775.jpg 600w\" sizes=\"auto, (max-width: 1239px) 100vw, 1239px\" \/><\/figure>\n\n\n\n<p class=\"has-text-align-center has-neve-text-color-color has-text-color has-background has-medium-font-size\" style=\"background-color:#00000000\">You installe son premier \u00e9tablissement \u00e0 Lyon, un bar \u00e0 cocktails moderne et chic,<br>mais accessible, 12\u20ac pour les cocktails avec alcool et 8\u20ac pour les sans alcool!<br>You, c\u2019est avant tout: une \u00e9quipe d\u2019experts de la mixologie qui saura vous surprendre, des cocktails soign\u00e9s, des tapas pour les petites faims, et une ambiance festive parfaite pour l\u2019afterwork (et la night, \u00e9videmment).<br>Red\u00e9couvrez vos cocktails pr\u00e9f\u00e9r\u00e9s sous leur meilleur jour, ou laissez vous surprendre par nos cr\u00e9ations du moment, toutes aussi d\u00e9licieuses et innovantes les unes que les autres. Des cocktails techniques, modernes, sophistiqu\u00e9s, et adaptables \u00e0 vos pr\u00e9f\u00e9rences et \u00e0 vos envies du moment. Un cocktail sur mesure, by You, for you.<br>D\u00e9couvrez notre carte du moment Senteur inspir\u00e9e des plus grands parfumeurs, et red\u00e9couvrez vos parfums pr\u00e9f\u00e9r\u00e9s \u00e0 travers une exp\u00e9rience synesth\u00e9sique*.Le \u00ab go\u00fbt de l\u2019odeur \u00bb, \u00e7a vous dit quelque chose?<br>Retrouvez nous au bar ou sur la terrasse situ\u00e9e 56 rue de Ney, au c\u0153ur du quartier des Brotteaux tout proche de la gare , dans le 6eme arrondissement de Lyon, tous les jours de 17h \u00e0 1h.<br><\/p>\n\n\n","protected":false},"excerpt":{"rendered":"<p>You installe son premier \u00e9tablissement \u00e0 Lyon, un bar \u00e0 cocktails moderne et chic,mais accessible, 12\u20ac pour les cocktails avec alcool et 8\u20ac pour les sans alcool!You, c\u2019est avant tout: une \u00e9quipe d\u2019experts de la mixologie qui saura vous surprendre, des cocktails soign\u00e9s, des tapas pour les petites faims, et une ambiance festive parfaite pour&hellip;&nbsp;<a href=\"https:\/\/youfreebrand.com\/?page_id=907\" rel=\"bookmark\">Lire la suite &raquo;<span class=\"screen-reader-text\">cocktail bar<\/span><\/a><\/p>\n","protected":false},"author":1,"featured_media":0,"parent":0,"menu_order":0,"comment_status":"closed","ping_status":"closed","template":"","meta":{"_monsterinsights_skip_tracking":false,"_monsterinsights_sitenote_active":false,"_monsterinsights_sitenote_note":"","_monsterinsights_sitenote_category":0,"neve_meta_sidebar":"","neve_meta_container":"","neve_meta_enable_content_width":"","neve_meta_content_width":0,"neve_meta_title_alignment":"","neve_meta_author_avatar":"","neve_post_elements_order":"","neve_meta_disable_header":"","neve_meta_disable_footer":"","neve_meta_disable_title":"","footnotes":""},"class_list":["post-907","page","type-page","status-publish","hentry"],"aioseo_notices":[],"_links":{"self":[{"href":"https:\/\/youfreebrand.com\/index.php?rest_route=\/wp\/v2\/pages\/907","targetHints":{"allow":["GET"]}}],"collection":[{"href":"https:\/\/youfreebrand.com\/index.php?rest_route=\/wp\/v2\/pages"}],"about":[{"href":"https:\/\/youfreebrand.com\/index.php?rest_route=\/wp\/v2\/types\/page"}],"author":[{"embeddable":true,"href":"https:\/\/youfreebrand.com\/index.php?rest_route=\/wp\/v2\/users\/1"}],"replies":[{"embeddable":true,"href":"https:\/\/youfreebrand.com\/index.php?rest_route=%2Fwp%2Fv2%2Fcomments&post=907"}],"version-history":[{"count":18,"href":"https:\/\/youfreebrand.com\/index.php?rest_route=\/wp\/v2\/pages\/907\/revisions"}],"predecessor-version":[{"id":1136,"href":"https:\/\/youfreebrand.com\/index.php?rest_route=\/wp\/v2\/pages\/907\/revisions\/1136"}],"wp:attachment":[{"href":"https:\/\/youfreebrand.com\/index.php?rest_route=%2Fwp%2Fv2%2Fmedia&parent=907"}],"curies":[{"name":"wp","href":"https:\/\/api.w.org\/{rel}","templated":true}]}}